{"id":393,"date":"2018-09-12T11:57:15","date_gmt":"2018-09-12T09:57:15","guid":{"rendered":"https:\/\/www.terresa-avocats.com\/mandataire\/"},"modified":"2019-05-16T15:18:17","modified_gmt":"2019-05-16T13:18:17","slug":"lawyer-agent","status":"publish","type":"page","link":"https:\/\/terresa-avocats.com\/en\/lawyer-agent\/","title":{"rendered":"Lawyer-Agent"},"content":{"rendered":"<div class=\"wpb-content-wrapper\"><p>[vc_row css_animation=&#8221;&#8221; row_type=&#8221;row&#8221; use_row_as_full_screen_section=&#8221;no&#8221; type=&#8221;full_width&#8221; angled_section=&#8221;no&#8221; text_align=&#8221;left&#8221; background_image_as_pattern=&#8221;without_pattern&#8221;][vc_column][rev_slider_vc alias=&#8221;mandataire-en&#8221;][\/vc_column][\/vc_row][vc_row css_animation=&#8221;&#8221; row_type=&#8221;row&#8221; use_row_as_full_screen_section=&#8221;no&#8221; type=&#8221;grid&#8221; angled_section=&#8221;no&#8221; text_align=&#8221;left&#8221; background_image_as_pattern=&#8221;without_pattern&#8221; z_index=&#8221;&#8221; css=&#8221;.vc_custom_1536835812163{padding-top: 90px !important;}&#8221;][vc_column][vc_column_text]<\/p>\n<h1 style=\"text-align: center;\">REAL ESTATE TRANSACTION LAWYER-AGENT<\/h1>\n<p style=\"text-align: center;\">A national player for many years and with its expertise in the various types of operations and local distinctive specificities, the TERR\u00c9SA law firm has naturally proven to be a privileged interlocutor to assist sellers and buyers in their real estate transactions.<\/p>\n<p style=\"text-align: center;\">In this respect, Ma\u00eetre Michel HARDOUIN and Ma\u00eetre Julien FORGET are registered as real estate transaction representatives with the M.I.A. (March\u00e9 Immobilier des Avocats).<\/p>\n<p>[\/vc_column_text][vc_single_image image=&#8221;84&#8243; img_size=&#8221;full&#8221; alignment=&#8221;center&#8221; qode_css_animation=&#8221;&#8221; css=&#8221;.vc_custom_1536842303354{padding-top: 40px !important;}&#8221;][\/vc_column][\/vc_row][vc_row css_animation=&#8221;&#8221; row_type=&#8221;row&#8221; use_row_as_full_screen_section=&#8221;no&#8221; type=&#8221;grid&#8221; angled_section=&#8221;no&#8221; text_align=&#8221;left&#8221; background_image_as_pattern=&#8221;without_pattern&#8221; z_index=&#8221;&#8221; css=&#8221;.vc_custom_1536835833394{padding-top: 90px !important;padding-bottom: 150px !important;}&#8221;][vc_column][vc_column_text]<\/p>\n<h2 style=\"text-align: center;\">Main assignments<\/h2>\n<p>[\/vc_column_text][vc_row_inner row_type=&#8221;row&#8221; type=&#8221;full_width&#8221; text_align=&#8221;left&#8221; css_animation=&#8221;&#8221; el_class=&#8221;mandataire-interventions&#8221; css=&#8221;.vc_custom_1536841395085{padding-top: 50px !important;}&#8221;][vc_column_inner]<div class=\"image_with_text\"><img decoding=\"async\" itemprop=\"image\" src=\"https:\/\/terresa-avocats.com\/wp-content\/uploads\/2018\/10\/terresa-mandataire-1.jpg\" alt=\"\" \/><h3 ><\/h3><span style=\"margin: 6px 0px;\" class=\"separator transparent\"><\/span><\/p>\n<div class=\"content-intervention\" style=\"text-align: center;\">\n<p style=\"text-align: center;\">Search mandate for purchase\/sale<br \/>\nof a property<\/p>\n<\/div>\n<p><\/div><div class=\"image_with_text\"><img decoding=\"async\" itemprop=\"image\" src=\"https:\/\/terresa-avocats.com\/wp-content\/uploads\/2018\/10\/terresa-mandataire-2.jpg\" alt=\"\" \/><h3 ><\/h3><span style=\"margin: 6px 0px;\" class=\"separator transparent\"><\/span><\/p>\n<div class=\"content-intervention\" style=\"text-align: center;\">\n<p style=\"text-align: center;\">Research of estates, farms, plots<br \/>\nto be acquired<\/p>\n<\/div>\n<p><\/div><div class=\"image_with_text\"><img decoding=\"async\" itemprop=\"image\" src=\"https:\/\/terresa-avocats.com\/wp-content\/uploads\/2018\/10\/terresa-mandataire-3.jpg\" alt=\"\" \/><h3 ><\/h3><span style=\"margin: 6px 0px;\" class=\"separator transparent\"><\/span><\/p>\n<div class=\"content-intervention\">\n<p style=\"text-align: center;\">Advice and support on the acquisition<br \/>\nor sale strategy<\/p>\n<\/div>\n<p><\/div><div class=\"image_with_text\"><img decoding=\"async\" itemprop=\"image\" src=\"https:\/\/terresa-avocats.com\/wp-content\/uploads\/2018\/10\/terresa-mandataire-4.jpg\" alt=\"\" \/><h3 ><\/h3><span style=\"margin: 6px 0px;\" class=\"separator transparent\"><\/span><\/p>\n<div class=\"content-intervention\">\n<p style=\"text-align: center;\">Assistance in the negotiation<br \/>\nbetween parties<\/p>\n<\/div>\n<p><\/div><div class=\"image_with_text\"><img decoding=\"async\" itemprop=\"image\" src=\"https:\/\/terresa-avocats.com\/wp-content\/uploads\/2018\/10\/terresa-mandataire-5.jpg\" alt=\"\" \/><h3 ><\/h3><span style=\"margin: 6px 0px;\" class=\"separator transparent\"><\/span><\/p>\n<div class=\"content-intervention\">\n<p style=\"text-align: center;\">Search for investors<\/p>\n<\/div>\n<p><\/div><div class=\"image_with_text\"><img decoding=\"async\" itemprop=\"image\" src=\"https:\/\/terresa-avocats.com\/wp-content\/uploads\/2018\/10\/terresa-mandataire-6.jpg\" alt=\"\" \/><h3 ><\/h3><span style=\"margin: 6px 0px;\" class=\"separator transparent\"><\/span><\/p>\n<div class=\"content-intervention\">\n<p style=\"text-align: center;\">Drafting of deeds prior purchase\/sale<br \/>\nof property<\/p>\n<\/div>\n<p><\/div>[\/vc_column_inner][\/vc_row_inner][\/vc_column][\/vc_row]<\/p>\n<\/div>","protected":false},"excerpt":{"rendered":"<p>[vc_row css_animation=&#8221;&#8221; row_type=&#8221;row&#8221; use_row_as_full_screen_section=&#8221;no&#8221; type=&#8221;full_width&#8221; angled_section=&#8221;no&#8221; text_align=&#8221;left&#8221; background_image_as_pattern=&#8221;without_pattern&#8221;][vc_column][rev_slider_vc alias=&#8221;mandataire-en&#8221;][\/vc_column][\/vc_row][vc_row css_animation=&#8221;&#8221; row_type=&#8221;row&#8221; use_row_as_full_screen_section=&#8221;no&#8221; type=&#8221;grid&#8221; angled_section=&#8221;no&#8221; text_align=&#8221;left&#8221; background_image_as_pattern=&#8221;without_pattern&#8221; z_index=&#8221;&#8221; css=&#8221;.vc_custom_1536835812163{padding-top: 90px !important;}&#8221;][vc_column][vc_column_text] REAL ESTATE TRANSACTION LAWYER-AGENT A national player for many years and with its expertise in&#8230;<\/p>\n","protected":false},"author":1,"featured_media":0,"parent":0,"menu_order":0,"comment_status":"closed","ping_status":"closed","template":"full_width.php","meta":{"footnotes":""},"class_list":["post-393","page","type-page","status-publish","hentry"],"yoast_head":"<!-- This site is optimized with the Yoast SEO plugin v27.4 - https:\/\/yoast.com\/product\/yoast-seo-wordpress\/ -->\n<title>Lawyer-Agent - Cabinet d&#039;avocats TERR\u00c9SA<\/title>\n<meta name=\"robots\" content=\"index, follow, max-snippet:-1, max-image-preview:large, max-video-preview:-1\" \/>\n<link rel=\"canonical\" href=\"https:\/\/terresa-avocats.com\/en\/lawyer-agent\/\" \/>\n<meta property=\"og:locale\" content=\"en_US\" \/>\n<meta property=\"og:type\" content=\"article\" \/>\n<meta property=\"og:title\" content=\"Lawyer-Agent - Cabinet d&#039;avocats TERR\u00c9SA\" \/>\n<meta property=\"og:description\" content=\"[vc_row css_animation=&#8221;&#8221; row_type=&#8221;row&#8221; use_row_as_full_screen_section=&#8221;no&#8221; type=&#8221;full_width&#8221; angled_section=&#8221;no&#8221; text_align=&#8221;left&#8221; background_image_as_pattern=&#8221;without_pattern&#8221;][vc_column][rev_slider_vc alias=&#8221;mandataire-en&#8221;][\/vc_column][\/vc_row][vc_row css_animation=&#8221;&#8221; row_type=&#8221;row&#8221; use_row_as_full_screen_section=&#8221;no&#8221; type=&#8221;grid&#8221; angled_section=&#8221;no&#8221; text_align=&#8221;left&#8221; background_image_as_pattern=&#8221;without_pattern&#8221; z_index=&#8221;&#8221; css=&#8221;.vc_custom_1536835812163{padding-top: 90px !important;}&#8221;][vc_column][vc_column_text] REAL ESTATE TRANSACTION LAWYER-AGENT A national player for many years and with its expertise in...\" \/>\n<meta property=\"og:url\" content=\"https:\/\/terresa-avocats.com\/en\/lawyer-agent\/\" \/>\n<meta property=\"og:site_name\" content=\"Cabinet d&#039;avocats TERR\u00c9SA\" \/>\n<meta property=\"article:modified_time\" content=\"2019-05-16T13:18:17+00:00\" \/>\n<meta name=\"twitter:card\" content=\"summary_large_image\" \/>\n<meta name=\"twitter:label1\" content=\"Est. reading time\" \/>\n\t<meta name=\"twitter:data1\" content=\"2 minutes\" \/>\n<script type=\"application\/ld+json\" class=\"yoast-schema-graph\">{\"@context\":\"https:\\\/\\\/schema.org\",\"@graph\":[{\"@type\":\"WebPage\",\"@id\":\"https:\\\/\\\/terresa-avocats.com\\\/en\\\/lawyer-agent\\\/\",\"url\":\"https:\\\/\\\/terresa-avocats.com\\\/en\\\/lawyer-agent\\\/\",\"name\":\"Lawyer-Agent - Cabinet d&#039;avocats TERR\u00c9SA\",\"isPartOf\":{\"@id\":\"https:\\\/\\\/terresa-avocats.com\\\/#website\"},\"datePublished\":\"2018-09-12T09:57:15+00:00\",\"dateModified\":\"2019-05-16T13:18:17+00:00\",\"breadcrumb\":{\"@id\":\"https:\\\/\\\/terresa-avocats.com\\\/en\\\/lawyer-agent\\\/#breadcrumb\"},\"inLanguage\":\"en-US\",\"potentialAction\":[{\"@type\":\"ReadAction\",\"target\":[\"https:\\\/\\\/terresa-avocats.com\\\/en\\\/lawyer-agent\\\/\"]}]},{\"@type\":\"BreadcrumbList\",\"@id\":\"https:\\\/\\\/terresa-avocats.com\\\/en\\\/lawyer-agent\\\/#breadcrumb\",\"itemListElement\":[{\"@type\":\"ListItem\",\"position\":1,\"name\":\"Accueil\",\"item\":\"https:\\\/\\\/terresa-avocats.com\\\/en\\\/\"},{\"@type\":\"ListItem\",\"position\":2,\"name\":\"Lawyer-Agent\"}]},{\"@type\":\"WebSite\",\"@id\":\"https:\\\/\\\/terresa-avocats.com\\\/#website\",\"url\":\"https:\\\/\\\/terresa-avocats.com\\\/\",\"name\":\"Cabinet d&#039;avocats TERR\u00c9SA\",\"description\":\"\",\"potentialAction\":[{\"@type\":\"SearchAction\",\"target\":{\"@type\":\"EntryPoint\",\"urlTemplate\":\"https:\\\/\\\/terresa-avocats.com\\\/?s={search_term_string}\"},\"query-input\":{\"@type\":\"PropertyValueSpecification\",\"valueRequired\":true,\"valueName\":\"search_term_string\"}}],\"inLanguage\":\"en-US\"}]}<\/script>\n<!-- \/ Yoast SEO plugin. -->","yoast_head_json":{"title":"Lawyer-Agent - Cabinet d&#039;avocats TERR\u00c9SA","robots":{"index":"index","follow":"follow","max-snippet":"max-snippet:-1","max-image-preview":"max-image-preview:large","max-video-preview":"max-video-preview:-1"},"canonical":"https:\/\/terresa-avocats.com\/en\/lawyer-agent\/","og_locale":"en_US","og_type":"article","og_title":"Lawyer-Agent - Cabinet d&#039;avocats TERR\u00c9SA","og_description":"[vc_row css_animation=&#8221;&#8221; row_type=&#8221;row&#8221; use_row_as_full_screen_section=&#8221;no&#8221; type=&#8221;full_width&#8221; angled_section=&#8221;no&#8221; text_align=&#8221;left&#8221; background_image_as_pattern=&#8221;without_pattern&#8221;][vc_column][rev_slider_vc alias=&#8221;mandataire-en&#8221;][\/vc_column][\/vc_row][vc_row css_animation=&#8221;&#8221; row_type=&#8221;row&#8221; use_row_as_full_screen_section=&#8221;no&#8221; type=&#8221;grid&#8221; angled_section=&#8221;no&#8221; text_align=&#8221;left&#8221; background_image_as_pattern=&#8221;without_pattern&#8221; z_index=&#8221;&#8221; css=&#8221;.vc_custom_1536835812163{padding-top: 90px !important;}&#8221;][vc_column][vc_column_text] REAL ESTATE TRANSACTION LAWYER-AGENT A national player for many years and with its expertise in...","og_url":"https:\/\/terresa-avocats.com\/en\/lawyer-agent\/","og_site_name":"Cabinet d&#039;avocats TERR\u00c9SA","article_modified_time":"2019-05-16T13:18:17+00:00","twitter_card":"summary_large_image","twitter_misc":{"Est. reading time":"2 minutes"},"schema":{"@context":"https:\/\/schema.org","@graph":[{"@type":"WebPage","@id":"https:\/\/terresa-avocats.com\/en\/lawyer-agent\/","url":"https:\/\/terresa-avocats.com\/en\/lawyer-agent\/","name":"Lawyer-Agent - Cabinet d&#039;avocats TERR\u00c9SA","isPartOf":{"@id":"https:\/\/terresa-avocats.com\/#website"},"datePublished":"2018-09-12T09:57:15+00:00","dateModified":"2019-05-16T13:18:17+00:00","breadcrumb":{"@id":"https:\/\/terresa-avocats.com\/en\/lawyer-agent\/#breadcrumb"},"inLanguage":"en-US","potentialAction":[{"@type":"ReadAction","target":["https:\/\/terresa-avocats.com\/en\/lawyer-agent\/"]}]},{"@type":"BreadcrumbList","@id":"https:\/\/terresa-avocats.com\/en\/lawyer-agent\/#breadcrumb","itemListElement":[{"@type":"ListItem","position":1,"name":"Accueil","item":"https:\/\/terresa-avocats.com\/en\/"},{"@type":"ListItem","position":2,"name":"Lawyer-Agent"}]},{"@type":"WebSite","@id":"https:\/\/terresa-avocats.com\/#website","url":"https:\/\/terresa-avocats.com\/","name":"Cabinet d&#039;avocats TERR\u00c9SA","description":"","potentialAction":[{"@type":"SearchAction","target":{"@type":"EntryPoint","urlTemplate":"https:\/\/terresa-avocats.com\/?s={search_term_string}"},"query-input":{"@type":"PropertyValueSpecification","valueRequired":true,"valueName":"search_term_string"}}],"inLanguage":"en-US"}]}},"_links":{"self":[{"href":"https:\/\/terresa-avocats.com\/en\/wp-json\/wp\/v2\/pages\/393","targetHints":{"allow":["GET"]}}],"collection":[{"href":"https:\/\/terresa-avocats.com\/en\/wp-json\/wp\/v2\/pages"}],"about":[{"href":"https:\/\/terresa-avocats.com\/en\/wp-json\/wp\/v2\/types\/page"}],"author":[{"embeddable":true,"href":"https:\/\/terresa-avocats.com\/en\/wp-json\/wp\/v2\/users\/1"}],"replies":[{"embeddable":true,"href":"https:\/\/terresa-avocats.com\/en\/wp-json\/wp\/v2\/comments?post=393"}],"version-history":[{"count":6,"href":"https:\/\/terresa-avocats.com\/en\/wp-json\/wp\/v2\/pages\/393\/revisions"}],"predecessor-version":[{"id":607,"href":"https:\/\/terresa-avocats.com\/en\/wp-json\/wp\/v2\/pages\/393\/revisions\/607"}],"wp:attachment":[{"href":"https:\/\/terresa-avocats.com\/en\/wp-json\/wp\/v2\/media?parent=393"}],"curies":[{"name":"wp","href":"https:\/\/api.w.org\/{rel}","templated":true}]}}