{"id":383,"date":"2018-10-11T10:24:05","date_gmt":"2018-10-11T08:24:05","guid":{"rendered":"https:\/\/www.terresa-avocats.com\/accueil\/"},"modified":"2023-03-31T11:59:03","modified_gmt":"2023-03-31T09:59:03","slug":"accueil","status":"publish","type":"page","link":"https:\/\/terresa-avocats.com\/en\/","title":{"rendered":"Home"},"content":{"rendered":"<div class=\"wpb-content-wrapper\"><p>[vc_row css_animation=&#8221;&#8221; row_type=&#8221;row&#8221; use_row_as_full_screen_section=&#8221;no&#8221; type=&#8221;full_width&#8221; angled_section=&#8221;no&#8221; text_align=&#8221;left&#8221; background_image_as_pattern=&#8221;without_pattern&#8221;][vc_column][rev_slider_vc alias=&#8221;homepage-en&#8221;][\/vc_column][\/vc_row][vc_row css_animation=&#8221;&#8221; row_type=&#8221;row&#8221; use_row_as_full_screen_section=&#8221;no&#8221; type=&#8221;grid&#8221; angled_section=&#8221;no&#8221; text_align=&#8221;left&#8221; background_image_as_pattern=&#8221;without_pattern&#8221; css=&#8221;.vc_custom_1680256509946{padding-top: 100px !important;}&#8221; z_index=&#8221;&#8221;][vc_column][vc_column_text]<\/p>\n<h2 style=\"text-align: center;\">Latest News<\/h2>\n<p>[\/vc_column_text]\n<div class='latest_post_holder boxes three_columns one_row' >\n    <ul>\n    \n        <li class=\"clearfix\">\n            <div class=\"boxes_image\">\n                <a itemprop=\"url\" href=\"https:\/\/terresa-avocats.com\/en\/travaux-irreguliers-condamnation-solidaire-du-bailleur-et-du-preneur\/\"><img loading=\"lazy\" decoding=\"async\" width=\"700\" height=\"450\" src=\"https:\/\/terresa-avocats.com\/wp-content\/uploads\/2019\/05\/work-1201545_1920-copie-700x450.jpg\" class=\"attachment-blog size-blog wp-post-image\" alt=\"\" \/><\/a>\n            <\/div>\n\n            <div class=\"latest_post\"  >\n                <div class=\"latest_post_text\">\n                    <div class=\"latest_post_inner\">\n                        <div class=\"latest_post_text_inner\">\n                            <h3 itemprop=\"name\" class=\"latest_post_title entry_title\"><a itemprop=\"url\" href=\"https:\/\/terresa-avocats.com\/en\/travaux-irreguliers-condamnation-solidaire-du-bailleur-et-du-preneur\/\">TRAVAUX IRREGULIERS, CONDAMNATION SOLIDAIRE DU BAILLEUR ET DU PRENEUR...<\/a><\/h3>\n                                                            <span class=\"date_hour_holder\">\n                                    <span itemprop=\"dateCreated\" class=\"date entry_date updated\">16 May 2019 <meta itemprop=\"interactionCount\" content=\"UserComments: 0\"\/><\/span>\n                                <\/span>\n                                                        <p itemprop=\"description\" class=\"excerpt\">Dans cette affaire, le preneur avait r\u00e9alis\u00e9 des travaux et des constructions sans respecter les r\u00e8gles d\u2019urbanisme locales. Plus pr\u00e9cis\u00e9ment, la parcelle \u00e9tait en zone agricole et les travaux effectu\u00e9s par le preneur permettaient la......<\/p>                            <div class=\"post_more\">\n                                <a itemprop=\"url\" href=\"https:\/\/terresa-avocats.com\/en\/travaux-irreguliers-condamnation-solidaire-du-bailleur-et-du-preneur\/\" class=\"qbutton small\">Read More<\/a>\n                            <\/div>\n                                                <\/div>\n                <\/div>\n            <\/div>\n            \n        <\/li>\n    \n        <li class=\"clearfix\">\n            <div class=\"boxes_image\">\n                <a itemprop=\"url\" href=\"https:\/\/terresa-avocats.com\/en\/vente-exploitation-conchylicole-sur-letang-de-thau\/\"><img loading=\"lazy\" decoding=\"async\" width=\"700\" height=\"450\" src=\"https:\/\/terresa-avocats.com\/wp-content\/uploads\/2019\/05\/Cabinet-Terr\u00e9sa-Vente-exploitation-conchylicole--700x450.jpg\" class=\"attachment-blog size-blog wp-post-image\" alt=\"\" \/><\/a>\n            <\/div>\n\n            <div class=\"latest_post\"  >\n                <div class=\"latest_post_text\">\n                    <div class=\"latest_post_inner\">\n                        <div class=\"latest_post_text_inner\">\n                            <h3 itemprop=\"name\" class=\"latest_post_title entry_title\"><a itemprop=\"url\" href=\"https:\/\/terresa-avocats.com\/en\/vente-exploitation-conchylicole-sur-letang-de-thau\/\">Vente EXPLOITATION CONCHYLICOLE SUR L\u2019ETANG DE THAU...<\/a><\/h3>\n                                                            <span class=\"date_hour_holder\">\n                                    <span itemprop=\"dateCreated\" class=\"date entry_date updated\">02 May 2019 <meta itemprop=\"interactionCount\" content=\"UserComments: 0\"\/><\/span>\n                                <\/span>\n                                                        <p itemprop=\"description\" class=\"excerpt\">En tant que mandataires en transactions immobili\u00e8res aupr\u00e8s du M.I.A. (March\u00e9 Immobilier des Avocats), nous proposons cette vente d&#8217;une exploitation conchylicole sur l&#8217;\u00e9tang de Thau. Voir l&#8217;annonce...<\/p>                            <div class=\"post_more\">\n                                <a itemprop=\"url\" href=\"https:\/\/terresa-avocats.com\/en\/vente-exploitation-conchylicole-sur-letang-de-thau\/\" class=\"qbutton small\">Read More<\/a>\n                            <\/div>\n                                                <\/div>\n                <\/div>\n            <\/div>\n            \n        <\/li>\n    \n        <li class=\"clearfix\">\n            <div class=\"boxes_image\">\n                <a itemprop=\"url\" href=\"https:\/\/terresa-avocats.com\/en\/cession-dun-ensemble-de-biens-dont-une-partie-est-non-agricole-la-safer-ne-pouvait-preempter\/\"><img loading=\"lazy\" decoding=\"async\" width=\"700\" height=\"450\" src=\"https:\/\/terresa-avocats.com\/wp-content\/uploads\/2019\/04\/door-1587863_1920-copie-700x450.jpg\" class=\"attachment-blog size-blog wp-post-image\" alt=\"\" \/><\/a>\n            <\/div>\n\n            <div class=\"latest_post\"  >\n                <div class=\"latest_post_text\">\n                    <div class=\"latest_post_inner\">\n                        <div class=\"latest_post_text_inner\">\n                            <h3 itemprop=\"name\" class=\"latest_post_title entry_title\"><a itemprop=\"url\" href=\"https:\/\/terresa-avocats.com\/en\/cession-dun-ensemble-de-biens-dont-une-partie-est-non-agricole-la-safer-ne-pouvait-preempter\/\">Cession d\u2019un ensemble de biens dont une partie est non agricole : la SAFER ne pouvait ...<\/a><\/h3>\n                                                            <span class=\"date_hour_holder\">\n                                    <span itemprop=\"dateCreated\" class=\"date entry_date updated\">30 April 2019 <meta itemprop=\"interactionCount\" content=\"UserComments: 0\"\/><\/span>\n                                <\/span>\n                                                        <p itemprop=\"description\" class=\"excerpt\">En mai 2014, le propri\u00e9taire d\u2019un domaine agricole avait d\u00e9cid\u00e9 de vendre l\u2019ensemble de son exploitation comprenant, au-del\u00e0 des terres et autres biens ruraux, une maison \u00e0 r\u00e9nover et un terrain constructible. La SAFER avait......<\/p>                            <div class=\"post_more\">\n                                <a itemprop=\"url\" href=\"https:\/\/terresa-avocats.com\/en\/cession-dun-ensemble-de-biens-dont-une-partie-est-non-agricole-la-safer-ne-pouvait-preempter\/\" class=\"qbutton small\">Read More<\/a>\n                            <\/div>\n                                                <\/div>\n                <\/div>\n            <\/div>\n            \n        <\/li>\n        <\/ul>\n<\/div>[vc_column_text]<\/p>\n<p style=\"text-align: center;\"><a class=\"btn\" href=\"https:\/\/terresa-avocats.com\/en\/news\/\">All news<\/a><\/p>\n<p>[\/vc_column_text][\/vc_column][\/vc_row][vc_row css_animation=&#8221;&#8221; row_type=&#8221;row&#8221; use_row_as_full_screen_section=&#8221;no&#8221; type=&#8221;grid&#8221; angled_section=&#8221;no&#8221; text_align=&#8221;left&#8221; background_image_as_pattern=&#8221;without_pattern&#8221; css=&#8221;.vc_custom_1540218316087{padding-top: 90px !important;padding-bottom: 125px !important;}&#8221; z_index=&#8221;&#8221; el_class=&#8221;home-content&#8221;][vc_column el_class=&#8221;home-container&#8221;][vc_column_text]<\/p>\n<h1 style=\"text-align: center;\">Rural, agricultural and viticulture: our fields of expertise<\/h1>\n<p style=\"text-align: center;\">Sharing the same world and same concerns, the partners and lawyers at TERR\u00c9SA have always been dedicated to these sectors, which may require, perhaps more than others, to have a sharp and global expertise.<\/p>\n<p>[\/vc_column_text][vc_row_inner row_type=&#8221;row&#8221; type=&#8221;full_width&#8221; text_align=&#8221;left&#8221; css_animation=&#8221;&#8221; el_class=&#8221;home-icons&#8221; css=&#8221;.vc_custom_1540284451104{padding-top: 50px !important;padding-bottom: 50px !important;}&#8221;][vc_column_inner]<div class=\"image_with_text\"><img decoding=\"async\" itemprop=\"image\" src=\"https:\/\/terresa-avocats.com\/wp-content\/uploads\/2018\/10\/terresa-vocation.png\" alt=\"\" \/><h3 ><\/h3><span style=\"margin: 6px 0px;\" class=\"separator transparent\"><\/span><\/p>\n<p style=\"text-align: center;\">Mission<\/p>\n<p><\/div><div class=\"image_with_text\"><img decoding=\"async\" itemprop=\"image\" src=\"https:\/\/terresa-avocats.com\/wp-content\/uploads\/2018\/10\/terresa-experience.png\" alt=\"\" \/><h3 ><\/h3><span style=\"margin: 6px 0px;\" class=\"separator transparent\"><\/span><\/p>\n<p style=\"text-align: center;\">Expertise<\/p>\n<p><\/div><div class=\"image_with_text\"><img decoding=\"async\" itemprop=\"image\" src=\"https:\/\/terresa-avocats.com\/wp-content\/uploads\/2018\/10\/terresa-specialistes.png\" alt=\"\" \/><h3 ><\/h3><span style=\"margin: 6px 0px;\" class=\"separator transparent\"><\/span><\/p>\n<p style=\"text-align: center;\">Expert Advisers<\/p>\n<p><\/div>[\/vc_column_inner][\/vc_row_inner][vc_column_text]<\/p>\n<p style=\"text-align: center;\"><a class=\"btn\" href=\"https:\/\/terresa-avocats.com\/en\/about-us\/\">Discover the law firm<\/a><\/p>\n<p>[\/vc_column_text][\/vc_column][\/vc_row][vc_row row_type=&#8221;parallax&#8221; parallax_content_width=&#8221;full_width&#8221; text_align=&#8221;left&#8221; background_image=&#8221;237&#8243; full_screen_section_height=&#8221;no&#8221; el_class=&#8221;home-parallax home-content&#8221;][vc_column css=&#8221;.vc_custom_1540217615446{padding-top: 52px !important;padding-bottom: 48px !important;}&#8221;][vc_column_text]<\/p>\n<h2 style=\"text-align: center;\">From basic to specific assignment<\/h2>\n<p style=\"text-align: center;\">The partners and lawyers at TERR\u00c9SA can take part on specific, punctual, inherent missions regarding agribusiness operations on a national level. However, experience has convinced us of the need for a global vision, championed by a multidisciplinary team that has built a specific methodology which has proven its worth.<\/p>\n<p style=\"text-align: center;\"><a class=\"btn\" href=\"https:\/\/terresa-avocats.com\/en\/agrobusiness-operations\/\">Discover farming operations<\/a><\/p>\n<p>[\/vc_column_text][\/vc_column][\/vc_row][vc_row css_animation=&#8221;&#8221; row_type=&#8221;row&#8221; use_row_as_full_screen_section=&#8221;no&#8221; type=&#8221;grid&#8221; angled_section=&#8221;no&#8221; text_align=&#8221;left&#8221; background_image_as_pattern=&#8221;without_pattern&#8221; css=&#8221;.vc_custom_1680256517864{padding-top: 110px !important;padding-bottom: 130px !important;}&#8221; z_index=&#8221;&#8221; el_class=&#8221;home-content&#8221;][vc_column el_class=&#8221;home-container&#8221;][vc_column_text]<\/p>\n<h2 style=\"text-align: center;\">Because \u201cFrench Farming\u201d is constantly on the move&#8230;<\/h2>\n<p style=\"text-align: center;\">Today\u2019s farmer must develop their entrepreneurial skills and become farmer-entrepreneur. This does not detract from the fundamentals of the business itself which is deeply rooted in its terroir and activity. Nonetheless, the evolution of \u201cFrench Farming\u201d requires to be in tune with realities and to seek tailor-made expert advice. It is within this scope that TERR\u00c9SA law firm provides legal advice and support with, if need be, helpful partnerships with specialist lawyers, chartered accountants, rural property experts, bankers, etc.<br \/>\nBy the same token, our expertise is also suitable for supporting multi-sector players such as investors.<\/p>\n<p>[\/vc_column_text][vc_row_inner row_type=&#8221;row&#8221; type=&#8221;full_width&#8221; text_align=&#8221;left&#8221; css_animation=&#8221;&#8221; el_class=&#8221;home-icons&#8221; css=&#8221;.vc_custom_1540284474787{padding-top: 50px !important;padding-bottom: 50px !important;}&#8221;][vc_column_inner]<div class=\"image_with_text\"><img decoding=\"async\" itemprop=\"image\" src=\"https:\/\/terresa-avocats.com\/wp-content\/uploads\/2018\/10\/terresa-sur-mesure.png\" alt=\"\" \/><h3 ><\/h3><span style=\"margin: 6px 0px;\" class=\"separator transparent\"><\/span><\/p>\n<p style=\"text-align: center;\">Tailor-made<\/p>\n<p><\/div><div class=\"image_with_text\"><img decoding=\"async\" itemprop=\"image\" src=\"https:\/\/terresa-avocats.com\/wp-content\/uploads\/2018\/10\/terresa-inter-activite.png\" alt=\"\" \/><h3 ><\/h3><span style=\"margin: 6px 0px;\" class=\"separator transparent\"><\/span><\/p>\n<p style=\"text-align: center;\">Interactivity<\/p>\n<p><\/div><div class=\"image_with_text\"><img decoding=\"async\" itemprop=\"image\" src=\"https:\/\/terresa-avocats.com\/wp-content\/uploads\/2018\/10\/terresa-anticipation.png\" alt=\"\" \/><h3 ><\/h3><span style=\"margin: 6px 0px;\" class=\"separator transparent\"><\/span><\/p>\n<p style=\"text-align: center;\">Anticipation<\/p>\n<p><\/div>[\/vc_column_inner][\/vc_row_inner][vc_column_text]<\/p>\n<p style=\"text-align: center;\"><a class=\"btn\" href=\"https:\/\/terresa-avocats.com\/en\/concrete-cases\/\">Discover concrete cases<\/a><\/p>\n<p>[\/vc_column_text][\/vc_column][\/vc_row]<\/p>\n<\/div>","protected":false},"excerpt":{"rendered":"<p>[vc_row css_animation=&#8221;&#8221; row_type=&#8221;row&#8221; use_row_as_full_screen_section=&#8221;no&#8221; type=&#8221;full_width&#8221; angled_section=&#8221;no&#8221; text_align=&#8221;left&#8221; background_image_as_pattern=&#8221;without_pattern&#8221;][vc_column][rev_slider_vc alias=&#8221;homepage-en&#8221;][\/vc_column][\/vc_row][vc_row css_animation=&#8221;&#8221; row_type=&#8221;row&#8221; use_row_as_full_screen_section=&#8221;no&#8221; type=&#8221;grid&#8221; angled_section=&#8221;no&#8221; text_align=&#8221;left&#8221; background_image_as_pattern=&#8221;without_pattern&#8221; css=&#8221;.vc_custom_1680256509946{padding-top: 100px !important;}&#8221; z_index=&#8221;&#8221;][vc_column][vc_column_text] Latest News [\/vc_column_text][vc_column_text] All news [\/vc_column_text][\/vc_column][\/vc_row][vc_row css_animation=&#8221;&#8221; row_type=&#8221;row&#8221; use_row_as_full_screen_section=&#8221;no&#8221; type=&#8221;grid&#8221; angled_section=&#8221;no&#8221; text_align=&#8221;left&#8221; background_image_as_pattern=&#8221;without_pattern&#8221; css=&#8221;.vc_custom_1540218316087{padding-top: 90px&#8230;<\/p>\n","protected":false},"author":1,"featured_media":0,"parent":0,"menu_order":0,"comment_status":"closed","ping_status":"closed","template":"full_width.php","meta":{"footnotes":""},"class_list":["post-383","page","type-page","status-publish","hentry"],"yoast_head":"<!-- This site is optimized with the Yoast SEO plugin v27.4 - https:\/\/yoast.com\/product\/yoast-seo-wordpress\/ -->\n<title>Cabinet d&#039;avocats TERR\u00c9SA - Agri, viti, rural : nos territoires<\/title>\n<meta name=\"robots\" content=\"index, follow, max-snippet:-1, max-image-preview:large, max-video-preview:-1\" \/>\n<link rel=\"canonical\" href=\"https:\/\/terresa-avocats.com\/en\/\" \/>\n<meta property=\"og:locale\" content=\"en_US\" \/>\n<meta property=\"og:type\" content=\"article\" \/>\n<meta property=\"og:title\" content=\"Cabinet d&#039;avocats TERR\u00c9SA - Agri, viti, rural : nos territoires\" \/>\n<meta property=\"og:description\" content=\"[vc_row css_animation=&#8221;&#8221; row_type=&#8221;row&#8221; use_row_as_full_screen_section=&#8221;no&#8221; type=&#8221;full_width&#8221; angled_section=&#8221;no&#8221; text_align=&#8221;left&#8221; background_image_as_pattern=&#8221;without_pattern&#8221;][vc_column][rev_slider_vc alias=&#8221;homepage-en&#8221;][\/vc_column][\/vc_row][vc_row css_animation=&#8221;&#8221; row_type=&#8221;row&#8221; use_row_as_full_screen_section=&#8221;no&#8221; type=&#8221;grid&#8221; angled_section=&#8221;no&#8221; text_align=&#8221;left&#8221; background_image_as_pattern=&#8221;without_pattern&#8221; css=&#8221;.vc_custom_1680256509946{padding-top: 100px !important;}&#8221; z_index=&#8221;&#8221;][vc_column][vc_column_text] Latest News [\/vc_column_text][vc_column_text] All news [\/vc_column_text][\/vc_column][\/vc_row][vc_row css_animation=&#8221;&#8221; row_type=&#8221;row&#8221; use_row_as_full_screen_section=&#8221;no&#8221; type=&#8221;grid&#8221; angled_section=&#8221;no&#8221; text_align=&#8221;left&#8221; background_image_as_pattern=&#8221;without_pattern&#8221; css=&#8221;.vc_custom_1540218316087{padding-top: 90px...\" \/>\n<meta property=\"og:url\" content=\"https:\/\/terresa-avocats.com\/en\/\" \/>\n<meta property=\"og:site_name\" content=\"Cabinet d&#039;avocats TERR\u00c9SA\" \/>\n<meta property=\"article:modified_time\" content=\"2023-03-31T09:59:03+00:00\" \/>\n<meta name=\"twitter:card\" content=\"summary_large_image\" \/>\n<meta name=\"twitter:label1\" content=\"Est. reading time\" \/>\n\t<meta name=\"twitter:data1\" content=\"2 minutes\" \/>\n<script type=\"application\/ld+json\" class=\"yoast-schema-graph\">{\"@context\":\"https:\\\/\\\/schema.org\",\"@graph\":[{\"@type\":\"WebPage\",\"@id\":\"https:\\\/\\\/terresa-avocats.com\\\/en\\\/\",\"url\":\"https:\\\/\\\/terresa-avocats.com\\\/en\\\/\",\"name\":\"Cabinet d&#039;avocats TERR\u00c9SA - Agri, viti, rural : nos territoires\",\"isPartOf\":{\"@id\":\"https:\\\/\\\/terresa-avocats.com\\\/#website\"},\"datePublished\":\"2018-10-11T08:24:05+00:00\",\"dateModified\":\"2023-03-31T09:59:03+00:00\",\"breadcrumb\":{\"@id\":\"https:\\\/\\\/terresa-avocats.com\\\/en\\\/#breadcrumb\"},\"inLanguage\":\"en-US\",\"potentialAction\":[{\"@type\":\"ReadAction\",\"target\":[\"https:\\\/\\\/terresa-avocats.com\\\/en\\\/\"]}]},{\"@type\":\"BreadcrumbList\",\"@id\":\"https:\\\/\\\/terresa-avocats.com\\\/en\\\/#breadcrumb\",\"itemListElement\":[{\"@type\":\"ListItem\",\"position\":1,\"name\":\"Accueil\",\"item\":\"https:\\\/\\\/terresa-avocats.com\\\/en\\\/\"},{\"@type\":\"ListItem\",\"position\":2,\"name\":\"Home\"}]},{\"@type\":\"WebSite\",\"@id\":\"https:\\\/\\\/terresa-avocats.com\\\/#website\",\"url\":\"https:\\\/\\\/terresa-avocats.com\\\/\",\"name\":\"Cabinet d&#039;avocats TERR\u00c9SA\",\"description\":\"\",\"potentialAction\":[{\"@type\":\"SearchAction\",\"target\":{\"@type\":\"EntryPoint\",\"urlTemplate\":\"https:\\\/\\\/terresa-avocats.com\\\/?s={search_term_string}\"},\"query-input\":{\"@type\":\"PropertyValueSpecification\",\"valueRequired\":true,\"valueName\":\"search_term_string\"}}],\"inLanguage\":\"en-US\"}]}<\/script>\n<!-- \/ Yoast SEO plugin. -->","yoast_head_json":{"title":"Cabinet d&#039;avocats TERR\u00c9SA - Agri, viti, rural : nos territoires","robots":{"index":"index","follow":"follow","max-snippet":"max-snippet:-1","max-image-preview":"max-image-preview:large","max-video-preview":"max-video-preview:-1"},"canonical":"https:\/\/terresa-avocats.com\/en\/","og_locale":"en_US","og_type":"article","og_title":"Cabinet d&#039;avocats TERR\u00c9SA - Agri, viti, rural : nos territoires","og_description":"[vc_row css_animation=&#8221;&#8221; row_type=&#8221;row&#8221; use_row_as_full_screen_section=&#8221;no&#8221; type=&#8221;full_width&#8221; angled_section=&#8221;no&#8221; text_align=&#8221;left&#8221; background_image_as_pattern=&#8221;without_pattern&#8221;][vc_column][rev_slider_vc alias=&#8221;homepage-en&#8221;][\/vc_column][\/vc_row][vc_row css_animation=&#8221;&#8221; row_type=&#8221;row&#8221; use_row_as_full_screen_section=&#8221;no&#8221; type=&#8221;grid&#8221; angled_section=&#8221;no&#8221; text_align=&#8221;left&#8221; background_image_as_pattern=&#8221;without_pattern&#8221; css=&#8221;.vc_custom_1680256509946{padding-top: 100px !important;}&#8221; z_index=&#8221;&#8221;][vc_column][vc_column_text] Latest News [\/vc_column_text][vc_column_text] All news [\/vc_column_text][\/vc_column][\/vc_row][vc_row css_animation=&#8221;&#8221; row_type=&#8221;row&#8221; use_row_as_full_screen_section=&#8221;no&#8221; type=&#8221;grid&#8221; angled_section=&#8221;no&#8221; text_align=&#8221;left&#8221; background_image_as_pattern=&#8221;without_pattern&#8221; css=&#8221;.vc_custom_1540218316087{padding-top: 90px...","og_url":"https:\/\/terresa-avocats.com\/en\/","og_site_name":"Cabinet d&#039;avocats TERR\u00c9SA","article_modified_time":"2023-03-31T09:59:03+00:00","twitter_card":"summary_large_image","twitter_misc":{"Est. reading time":"2 minutes"},"schema":{"@context":"https:\/\/schema.org","@graph":[{"@type":"WebPage","@id":"https:\/\/terresa-avocats.com\/en\/","url":"https:\/\/terresa-avocats.com\/en\/","name":"Cabinet d&#039;avocats TERR\u00c9SA - Agri, viti, rural : nos territoires","isPartOf":{"@id":"https:\/\/terresa-avocats.com\/#website"},"datePublished":"2018-10-11T08:24:05+00:00","dateModified":"2023-03-31T09:59:03+00:00","breadcrumb":{"@id":"https:\/\/terresa-avocats.com\/en\/#breadcrumb"},"inLanguage":"en-US","potentialAction":[{"@type":"ReadAction","target":["https:\/\/terresa-avocats.com\/en\/"]}]},{"@type":"BreadcrumbList","@id":"https:\/\/terresa-avocats.com\/en\/#breadcrumb","itemListElement":[{"@type":"ListItem","position":1,"name":"Accueil","item":"https:\/\/terresa-avocats.com\/en\/"},{"@type":"ListItem","position":2,"name":"Home"}]},{"@type":"WebSite","@id":"https:\/\/terresa-avocats.com\/#website","url":"https:\/\/terresa-avocats.com\/","name":"Cabinet d&#039;avocats TERR\u00c9SA","description":"","potentialAction":[{"@type":"SearchAction","target":{"@type":"EntryPoint","urlTemplate":"https:\/\/terresa-avocats.com\/?s={search_term_string}"},"query-input":{"@type":"PropertyValueSpecification","valueRequired":true,"valueName":"search_term_string"}}],"inLanguage":"en-US"}]}},"_links":{"self":[{"href":"https:\/\/terresa-avocats.com\/en\/wp-json\/wp\/v2\/pages\/383","targetHints":{"allow":["GET"]}}],"collection":[{"href":"https:\/\/terresa-avocats.com\/en\/wp-json\/wp\/v2\/pages"}],"about":[{"href":"https:\/\/terresa-avocats.com\/en\/wp-json\/wp\/v2\/types\/page"}],"author":[{"embeddable":true,"href":"https:\/\/terresa-avocats.com\/en\/wp-json\/wp\/v2\/users\/1"}],"replies":[{"embeddable":true,"href":"https:\/\/terresa-avocats.com\/en\/wp-json\/wp\/v2\/comments?post=383"}],"version-history":[{"count":7,"href":"https:\/\/terresa-avocats.com\/en\/wp-json\/wp\/v2\/pages\/383\/revisions"}],"predecessor-version":[{"id":1647,"href":"https:\/\/terresa-avocats.com\/en\/wp-json\/wp\/v2\/pages\/383\/revisions\/1647"}],"wp:attachment":[{"href":"https:\/\/terresa-avocats.com\/en\/wp-json\/wp\/v2\/media?parent=383"}],"curies":[{"name":"wp","href":"https:\/\/api.w.org\/{rel}","templated":true}]}}